{"id":26269,"date":"2020-04-24T09:15:18","date_gmt":"2020-04-24T13:15:18","guid":{"rendered":"https:\/\/menu-staging2.verduyntarps.ca\/product\/crochet-electronique-solution-de-stockage-e-track"},"modified":"2020-04-24T09:15:18","modified_gmt":"2020-04-24T13:15:18","slug":"crochet-electronique-solution-de-stockage-e-track","status":"publish","type":"product","link":"https:\/\/menu-staging2.verduyntarps.ca\/fr\/produit\/crochet-electronique-solution-de-stockage-e-track","title":{"rendered":"Crochet \u00e9lectronique | Solution de stockage E-Track"},"content":{"rendered":"<div>Notre <span class=\"markczq8owcfu\" data-markjs=\"true\" data-ogac=\"\" data-ogab=\"\" data-ogsc=\"\" data-ogsb=\"\">E-Track<\/span> est galvanis\u00e9, offrant une durabilit\u00e9 et une fiabilit\u00e9 in\u00e9gal\u00e9es. Il est con\u00e7u pour r\u00e9sister aux conditions les plus difficiles, car la finition galvanis\u00e9e offre une r\u00e9sistance sup\u00e9rieure \u00e0 la rouille et \u00e0 la corrosion, assurant ainsi un syst\u00e8me de <span class=\"markczq8owcfu\" data-markjs=\"true\" data-ogac=\"\" data-ogab=\"\" data-ogsc=\"\" data-ogsb=\"\">chenilles<\/span> durable et performant. <\/div>\n<div><\/div>\n<div>La plupart des clients installent ce produit des deux c\u00f4t\u00e9s de leur fourgonnette &#8211; du c\u00f4t\u00e9 passager et du c\u00f4t\u00e9 conducteur &#8211; que la remorque ferm\u00e9e mesure 28 pieds, 48 pieds, 50 pieds ou 53 pieds de long. Certains clients ont m\u00eame fix\u00e9 notre <span class=\"markczq8owcfu\" data-markjs=\"true\" data-ogac=\"\" data-ogab=\"\" data-ogsc=\"\" data-ogsb=\"\">E-track<\/span> sur le plancher de leurs petites remorques utilitaires pour aider \u00e0 s\u00e9curiser les petits v\u00e9hicules motoris\u00e9s, tels que les VTT. Pour les remorques paysag\u00e8res, beaucoup de nos clients ont ajout\u00e9 plusieurs <span class=\"markczq8owcfu\" data-markjs=\"true\" data-ogac=\"\" data-ogab=\"\" data-ogsc=\"\" data-ogsb=\"\">E-track<\/span>pour fournir des solutions de stockage suppl\u00e9mentaires pour suspendre tous les types de balais, trimers, pelles et r\u00e2teaux.  <\/div>\n<div><\/div>\n<div>Notre <span class=\"markczq8owcfu\" data-markjs=\"true\" data-ogac=\"\" data-ogab=\"\" data-ogsc=\"\" data-ogsb=\"\">E-track<\/span> permet de fixer toutes les poutres de platelage carr\u00e9es standard dans les parois de la remorque ferm\u00e9e. Nos clients peuvent facilement attacher n\u2019importe quelle sangle logistique standard \u00e0 cette <span class=\"markczq8owcfu\" data-markjs=\"true\" data-ogac=\"\" data-ogab=\"\" data-ogsc=\"\" data-ogsb=\"\">voie<\/span> \u00e9lectrique, quelle que soit la longueur n\u00e9cessaire pour s\u00e9curiser la cargaison en toute s\u00e9curit\u00e9. En utilisant notre <span class=\"markczq8owcfu\" data-markjs=\"true\" data-ogac=\"\" data-ogab=\"\" data-ogsc=\"\" data-ogsb=\"\">rail<\/span> E et nos poutres de terrasse carr\u00e9es, vous pouvez essentiellement doubler votre capacit\u00e9 de chargement (et vos b\u00e9n\u00e9fices)&nbsp;!  <\/div>\n","protected":false},"excerpt":{"rendered":"<p>\u00c9conomisez de l\u2019espace en transformant les murs de votre remorque en espace utilisable.<\/p>\n","protected":false},"featured_media":24537,"comment_status":"open","ping_status":"closed","template":"","meta":{"_acf_changed":false,"om_disable_all_campaigns":false,"site-sidebar-layout":"default","site-content-layout":"default","ast-site-content-layout":"default","site-content-style":"default","site-sidebar-style":"default","ast-global-header-display":"","ast-banner-title-visibility":"","ast-main-header-display":"","ast-hfb-above-header-display":"","ast-hfb-below-header-display":"","ast-hfb-mobile-header-display":"","site-post-title":"","ast-breadcrumbs-content":"","ast-featured-img":"","footer-sml-layout":"","theme-transparent-header-meta":"default","adv-header-id-meta":"","stick-header-meta":"default","header-above-stick-meta":"","header-main-stick-meta":"","header-below-stick-meta":"","astra-migrate-meta-layouts":"default","ast-page-background-enabled":"default","ast-page-background-meta":{"desktop":{"background-color":"","background-image":"","background-repeat":"repeat","background-position":"center center","background-size":"auto","background-attachment":"scroll","background-type":"","background-media":"","overlay-type":"","overlay-color":"","overlay-opacity":"","overlay-gradient":""},"tablet":{"background-color":"","background-image":"","background-repeat":"repeat","background-position":"center center","background-size":"auto","background-attachment":"scroll","background-type":"","background-media":"","overlay-type":"","overlay-color":"","overlay-opacity":"","overlay-gradient":""},"mobile":{"background-color":"","background-image":"","background-repeat":"repeat","background-position":"center center","background-size":"auto","background-attachment":"scroll","background-type":"","background-media":"","overlay-type":"","overlay-color":"","overlay-opacity":"","overlay-gradient":""}},"ast-content-background-meta":{"desktop":{"background-color":"var(--ast-global-color-5)","background-image":"","background-repeat":"repeat","background-position":"center center","background-size":"auto","background-attachment":"scroll","background-type":"","background-media":"","overlay-type":"","overlay-color":"","overlay-opacity":"","overlay-gradient":""},"tablet":{"background-color":"var(--ast-global-color-5)","background-image":"","background-repeat":"repeat","background-position":"center center","background-size":"auto","background-attachment":"scroll","background-type":"","background-media":"","overlay-type":"","overlay-color":"","overlay-opacity":"","overlay-gradient":""},"mobile":{"background-color":"var(--ast-global-color-5)","background-image":"","background-repeat":"repeat","background-position":"center center","background-size":"auto","background-attachment":"scroll","background-type":"","background-media":"","overlay-type":"","overlay-color":"","overlay-opacity":"","overlay-gradient":""}}},"product_brand":[],"product_cat":[591,590],"product_tag":[],"class_list":{"0":"post-26269","1":"product","2":"type-product","3":"status-publish","4":"has-post-thumbnail","6":"product_cat-equipement-de-chargement","7":"product_cat-fourgon-dry","8":"desktop-align-center","9":"tablet-align-center","10":"mobile-align-center","11":"ast-product-gallery-layout-horizontal","12":"ast-product-tabs-layout-horizontal","14":"first","15":"instock","16":"taxable","17":"shipping-taxable","18":"purchasable","19":"product-type-simple"},"acf":[],"gallery_images":[18400],"_links":{"self":[{"href":"https:\/\/menu-staging2.verduyntarps.ca\/fr\/wp-json\/wp\/v2\/product\/26269","targetHints":{"allow":["GET"]}}],"collection":[{"href":"https:\/\/menu-staging2.verduyntarps.ca\/fr\/wp-json\/wp\/v2\/product"}],"about":[{"href":"https:\/\/menu-staging2.verduyntarps.ca\/fr\/wp-json\/wp\/v2\/types\/product"}],"replies":[{"embeddable":true,"href":"https:\/\/menu-staging2.verduyntarps.ca\/fr\/wp-json\/wp\/v2\/comments?post=26269"}],"wp:featuredmedia":[{"embeddable":true,"href":"https:\/\/menu-staging2.verduyntarps.ca\/fr\/wp-json\/wp\/v2\/media\/24537"}],"wp:attachment":[{"href":"https:\/\/menu-staging2.verduyntarps.ca\/fr\/wp-json\/wp\/v2\/media?parent=26269"}],"wp:term":[{"taxonomy":"product_brand","embeddable":true,"href":"https:\/\/menu-staging2.verduyntarps.ca\/fr\/wp-json\/wp\/v2\/product_brand?post=26269"},{"taxonomy":"product_cat","embeddable":true,"href":"https:\/\/menu-staging2.verduyntarps.ca\/fr\/wp-json\/wp\/v2\/product_cat?post=26269"},{"taxonomy":"product_tag","embeddable":true,"href":"https:\/\/menu-staging2.verduyntarps.ca\/fr\/wp-json\/wp\/v2\/product_tag?post=26269"}],"curies":[{"name":"wp","href":"https:\/\/api.w.org\/{rel}","templated":true}]}}