{"id":25886,"date":"2020-06-15T13:46:09","date_gmt":"2020-06-15T17:46:09","guid":{"rendered":"https:\/\/menu-staging2.verduyntarps.ca\/product\/tarp-repair-tape-red-1-long"},"modified":"2025-03-10T03:47:42","modified_gmt":"2025-03-10T07:47:42","slug":"tarp-repair-tape-red-1-long","status":"publish","type":"product","link":"https:\/\/menu-staging2.verduyntarps.ca\/fr\/shop\/tarp-repair-tape-red-1-long","title":{"rendered":"Ruban de r\u00e9paration de b\u00e2che &#8211; Rouleau82&#8242;"},"content":{"rendered":"<ul>\n<li>Une solution rapide et facile pour r\u00e9parer les b\u00e2ches, les tentes, les auvents et plus encore.<\/li>\n<li>Il suffit de peler et de coller.<\/li>\n<li>Rouge (*la couleur peut diff\u00e9rer de celle illustr\u00e9e)<\/li>\n<li>4&#8243; de large<\/li>\n<\/ul>\n","protected":false},"excerpt":{"rendered":"<p>Un ruban adh\u00e9sif de r\u00e9paration autocollant pour les produits en toile ou en b\u00e2che.<\/p>\n","protected":false},"featured_media":25030,"comment_status":"open","ping_status":"closed","template":"","meta":{"_acf_changed":false,"om_disable_all_campaigns":false,"site-sidebar-layout":"default","site-content-layout":"default","ast-site-content-layout":"default","site-content-style":"default","site-sidebar-style":"default","ast-global-header-display":"","ast-banner-title-visibility":"","ast-main-header-display":"","ast-hfb-above-header-display":"","ast-hfb-below-header-display":"","ast-hfb-mobile-header-display":"","site-post-title":"","ast-breadcrumbs-content":"","ast-featured-img":"","footer-sml-layout":"","theme-transparent-header-meta":"default","adv-header-id-meta":"","stick-header-meta":"default","header-above-stick-meta":"","header-main-stick-meta":"","header-below-stick-meta":"","astra-migrate-meta-layouts":"default","ast-page-background-enabled":"default","ast-page-background-meta":{"desktop":{"background-color":"","background-image":"","background-repeat":"repeat","background-position":"center center","background-size":"auto","background-attachment":"scroll","background-type":"","background-media":"","overlay-type":"","overlay-color":"","overlay-opacity":"","overlay-gradient":""},"tablet":{"background-color":"","background-image":"","background-repeat":"repeat","background-position":"center center","background-size":"auto","background-attachment":"scroll","background-type":"","background-media":"","overlay-type":"","overlay-color":"","overlay-opacity":"","overlay-gradient":""},"mobile":{"background-color":"","background-image":"","background-repeat":"repeat","background-position":"center center","background-size":"auto","background-attachment":"scroll","background-type":"","background-media":"","overlay-type":"","overlay-color":"","overlay-opacity":"","overlay-gradient":""}},"ast-content-background-meta":{"desktop":{"background-color":"var(--ast-global-color-5)","background-image":"","background-repeat":"repeat","background-position":"center center","background-size":"auto","background-attachment":"scroll","background-type":"","background-media":"","overlay-type":"","overlay-color":"","overlay-opacity":"","overlay-gradient":""},"tablet":{"background-color":"var(--ast-global-color-5)","background-image":"","background-repeat":"repeat","background-position":"center center","background-size":"auto","background-attachment":"scroll","background-type":"","background-media":"","overlay-type":"","overlay-color":"","overlay-opacity":"","overlay-gradient":""},"mobile":{"background-color":"var(--ast-global-color-5)","background-image":"","background-repeat":"repeat","background-position":"center center","background-size":"auto","background-attachment":"scroll","background-type":"","background-media":"","overlay-type":"","overlay-color":"","overlay-opacity":"","overlay-gradient":""}}},"product_brand":[],"product_cat":[606,605],"product_tag":[],"class_list":{"0":"post-25886","1":"product","2":"type-product","3":"status-publish","4":"has-post-thumbnail","6":"product_cat-accessoires-de-bache","7":"product_cat-tarps-fr","8":"desktop-align-center","9":"tablet-align-center","10":"mobile-align-center","11":"ast-product-gallery-layout-horizontal","12":"ast-product-gallery-with-no-image","13":"ast-product-tabs-layout-horizontal","15":"first","16":"instock","17":"taxable","18":"shipping-taxable","19":"purchasable","20":"product-type-simple"},"acf":[],"gallery_images":[],"_links":{"self":[{"href":"https:\/\/menu-staging2.verduyntarps.ca\/fr\/wp-json\/wp\/v2\/product\/25886","targetHints":{"allow":["GET"]}}],"collection":[{"href":"https:\/\/menu-staging2.verduyntarps.ca\/fr\/wp-json\/wp\/v2\/product"}],"about":[{"href":"https:\/\/menu-staging2.verduyntarps.ca\/fr\/wp-json\/wp\/v2\/types\/product"}],"replies":[{"embeddable":true,"href":"https:\/\/menu-staging2.verduyntarps.ca\/fr\/wp-json\/wp\/v2\/comments?post=25886"}],"wp:featuredmedia":[{"embeddable":true,"href":"https:\/\/menu-staging2.verduyntarps.ca\/fr\/wp-json\/wp\/v2\/media\/25030"}],"wp:attachment":[{"href":"https:\/\/menu-staging2.verduyntarps.ca\/fr\/wp-json\/wp\/v2\/media?parent=25886"}],"wp:term":[{"taxonomy":"product_brand","embeddable":true,"href":"https:\/\/menu-staging2.verduyntarps.ca\/fr\/wp-json\/wp\/v2\/product_brand?post=25886"},{"taxonomy":"product_cat","embeddable":true,"href":"https:\/\/menu-staging2.verduyntarps.ca\/fr\/wp-json\/wp\/v2\/product_cat?post=25886"},{"taxonomy":"product_tag","embeddable":true,"href":"https:\/\/menu-staging2.verduyntarps.ca\/fr\/wp-json\/wp\/v2\/product_tag?post=25886"}],"curies":[{"name":"wp","href":"https:\/\/api.w.org\/{rel}","templated":true}]}}