{"id":25864,"date":"2021-11-04T21:21:25","date_gmt":"2021-11-05T01:21:25","guid":{"rendered":"https:\/\/menu-staging2.verduyntarps.ca\/product\/2-x-30-rachet-strap-with-chain-end-vti"},"modified":"2025-03-10T03:45:38","modified_gmt":"2025-03-10T07:45:38","slug":"2-x-30-rachet-strap-with-chain-end-vti","status":"publish","type":"product","link":"https:\/\/menu-staging2.verduyntarps.ca\/fr\/shop\/2-x-30-rachet-strap-with-chain-end-vti","title":{"rendered":"Sangle \u00e0 cliquet de 2 po x 30 pi avec extr\u00e9mit\u00e9 de cha\u00eene (VTI)"},"content":{"rendered":"<p>Vous les avez choisis, et nous les avons livr\u00e9s ! Pour vous offrir plus \u00e0 moindre co\u00fbt, cet ensemble se compose de la sangle d\u2019extr\u00e9mit\u00e9 de cha\u00eene de 30 pieds sur 2 pouces, du cliquet de 2 pouces et de la sangle de queue \u00e0 cliquet. Ce sont les sangles parfaites \u00e0 utiliser lorsque les treuils ne peuvent pas glisser sur les roues ou les marchepieds, offrant une s\u00e9curisation suppl\u00e9mentaire pour toute charge. \u00c9quip\u00e9 d\u2019un crochet de pr\u00e9hension \u00e0 cha\u00eene de grade 70 de 5\/16 &#8220;\u00e0 chaque extr\u00e9mit\u00e9 pour une fixation et un d\u00e9tachement rapides et faciles &#8211; un cran au-dessus des autres marques, vous pouvez \u00eatre fier de savoir que toute charge sera s\u00fbre et s\u00e9curis\u00e9e gr\u00e2ce \u00e0 l\u2019action de serrage du cliquet. Un rev\u00eatement de zinc sur le cliquet ajoute \u00e9galement une couche de protection contre les \u00e9l\u00e9ments. Ces sangles sont rouges avec un bord noir et sont fabriqu\u00e9es en polyester enduit de r\u00e9sine pour une \u00e9lasticit\u00e9 minimale et une r\u00e9sistance maximale \u00e0 l\u2019usure. Nos sangles VTI sont comparables aux sangles Rhino Webb en termes de durabilit\u00e9. Ces sangles robustes et de qualit\u00e9 sup\u00e9rieure offrent la r\u00e9sistance et la durabilit\u00e9 exig\u00e9es par les exigences d\u2019arrimage \u00e0 plat. Les \u00e9tiquettes cousues, qui sont renforc\u00e9es et recouvertes de plastique, prot\u00e8gent des d\u00e9chirures et de l\u2019effilochage, ce qui permet aux contr\u00f4les DOT de se d\u00e9rouler plus facilement. Toutes les sangles \u00e0 cliquet sont \u00e9tiquet\u00e9es pour r\u00e9pondre aux normes CHP, aux normes nord-am\u00e9ricaines d\u2019arrimage de cargaison propos\u00e9es, aux r\u00e9glementations du DOT et aux normes recommand\u00e9es par la WSTDA.         <\/p>\n<p>CMU : 1 512 kg \/ 3 335 lb<br \/>\nMBS : 4 538 kg \/ 10 005 livres<\/p>\n","protected":false},"excerpt":{"rendered":"<p>Vous les avez choisis, et nous les avons livr\u00e9s ! Pour vous offrir plus \u00e0 moindre co\u00fbt, cet ensemble se compose de la sangle d\u2019extr\u00e9mit\u00e9 de cha\u00eene de 30 pieds sur 2 pouces, du cliquet de 2 pouces et de la sangle de queue \u00e0 cliquet. Ce sont les sangles parfaites \u00e0 utiliser lorsque les [&hellip;]<\/p>\n","protected":false},"featured_media":26843,"comment_status":"closed","ping_status":"closed","template":"","meta":{"_acf_changed":false,"om_disable_all_campaigns":false,"site-sidebar-layout":"default","site-content-layout":"default","ast-site-content-layout":"default","site-content-style":"default","site-sidebar-style":"default","ast-global-header-display":"","ast-banner-title-visibility":"","ast-main-header-display":"","ast-hfb-above-header-display":"","ast-hfb-below-header-display":"","ast-hfb-mobile-header-display":"","site-post-title":"","ast-breadcrumbs-content":"","ast-featured-img":"","footer-sml-layout":"","theme-transparent-header-meta":"default","adv-header-id-meta":"","stick-header-meta":"default","header-above-stick-meta":"","header-main-stick-meta":"","header-below-stick-meta":"","astra-migrate-meta-layouts":"default","ast-page-background-enabled":"default","ast-page-background-meta":{"desktop":{"background-color":"","background-image":"","background-repeat":"repeat","background-position":"center center","background-size":"auto","background-attachment":"scroll","background-type":"","background-media":"","overlay-type":"","overlay-color":"","overlay-opacity":"","overlay-gradient":""},"tablet":{"background-color":"","background-image":"","background-repeat":"repeat","background-position":"center center","background-size":"auto","background-attachment":"scroll","background-type":"","background-media":"","overlay-type":"","overlay-color":"","overlay-opacity":"","overlay-gradient":""},"mobile":{"background-color":"","background-image":"","background-repeat":"repeat","background-position":"center center","background-size":"auto","background-attachment":"scroll","background-type":"","background-media":"","overlay-type":"","overlay-color":"","overlay-opacity":"","overlay-gradient":""}},"ast-content-background-meta":{"desktop":{"background-color":"var(--ast-global-color-5)","background-image":"","background-repeat":"repeat","background-position":"center center","background-size":"auto","background-attachment":"scroll","background-type":"","background-media":"","overlay-type":"","overlay-color":"","overlay-opacity":"","overlay-gradient":""},"tablet":{"background-color":"var(--ast-global-color-5)","background-image":"","background-repeat":"repeat","background-position":"center center","background-size":"auto","background-attachment":"scroll","background-type":"","background-media":"","overlay-type":"","overlay-color":"","overlay-opacity":"","overlay-gradient":""},"mobile":{"background-color":"var(--ast-global-color-5)","background-image":"","background-repeat":"repeat","background-position":"center center","background-size":"auto","background-attachment":"scroll","background-type":"","background-media":"","overlay-type":"","overlay-color":"","overlay-opacity":"","overlay-gradient":""}}},"product_brand":[],"product_cat":[591,597,594],"product_tag":[],"class_list":{"0":"post-25864","1":"product","2":"type-product","3":"status-publish","4":"has-post-thumbnail","6":"product_cat-equipement-de-chargement","7":"product_cat-sangles-a-cliquet","8":"product_cat-sangles-darrimage","9":"desktop-align-center","10":"tablet-align-center","11":"mobile-align-center","12":"ast-product-gallery-layout-horizontal","13":"ast-product-tabs-layout-horizontal","15":"first","16":"outofstock","17":"taxable","18":"shipping-taxable","19":"purchasable","20":"product-type-simple"},"acf":[],"gallery_images":[26845,26847],"_links":{"self":[{"href":"https:\/\/menu-staging2.verduyntarps.ca\/fr\/wp-json\/wp\/v2\/product\/25864","targetHints":{"allow":["GET"]}}],"collection":[{"href":"https:\/\/menu-staging2.verduyntarps.ca\/fr\/wp-json\/wp\/v2\/product"}],"about":[{"href":"https:\/\/menu-staging2.verduyntarps.ca\/fr\/wp-json\/wp\/v2\/types\/product"}],"replies":[{"embeddable":true,"href":"https:\/\/menu-staging2.verduyntarps.ca\/fr\/wp-json\/wp\/v2\/comments?post=25864"}],"wp:featuredmedia":[{"embeddable":true,"href":"https:\/\/menu-staging2.verduyntarps.ca\/fr\/wp-json\/wp\/v2\/media\/26843"}],"wp:attachment":[{"href":"https:\/\/menu-staging2.verduyntarps.ca\/fr\/wp-json\/wp\/v2\/media?parent=25864"}],"wp:term":[{"taxonomy":"product_brand","embeddable":true,"href":"https:\/\/menu-staging2.verduyntarps.ca\/fr\/wp-json\/wp\/v2\/product_brand?post=25864"},{"taxonomy":"product_cat","embeddable":true,"href":"https:\/\/menu-staging2.verduyntarps.ca\/fr\/wp-json\/wp\/v2\/product_cat?post=25864"},{"taxonomy":"product_tag","embeddable":true,"href":"https:\/\/menu-staging2.verduyntarps.ca\/fr\/wp-json\/wp\/v2\/product_tag?post=25864"}],"curies":[{"name":"wp","href":"https:\/\/api.w.org\/{rel}","templated":true}]}}