{"id":25852,"date":"2023-11-07T12:25:45","date_gmt":"2023-11-07T17:25:45","guid":{"rendered":"https:\/\/menu-staging2.verduyntarps.ca\/product\/3-piece-heavy-duty-lumber-tarp-set-ends-24-x-18-mid-24-x-21-8-drops-flaps-blue"},"modified":"2025-03-10T03:34:44","modified_gmt":"2025-03-10T07:34:44","slug":"3-piece-heavy-duty-lumber-tarp-set-ends-24-x-18-mid-24-x-21-8-drops-flaps-blue","status":"publish","type":"product","link":"https:\/\/menu-staging2.verduyntarps.ca\/fr\/shop\/3-piece-heavy-duty-lumber-tarp-set-ends-24-x-18-mid-24-x-21-8-drops-flaps-blue","title":{"rendered":"Ensemble de 3 b\u00e2ches en bois robustes &#8211; Extr\u00e9mit\u00e9s &#8211; 24&#8242; x 18&#8242; | Milieu &#8211; 24&#8242; x 21&#8242; | Chutes de 8&#8242; + rabats bleu"},"content":{"rendered":"<p>Cet ensemble se compose de 3 b\u00e2ches. Deux b\u00e2ches d\u2019extr\u00e9mit\u00e9 de 24 pi x 18 pi avec un rabat et une b\u00e2che centrale de 24 pi x 21 pi Chaque b\u00e2che est dot\u00e9e de 4 rang\u00e9es d\u2019anneaux en D sur toute la longueur et d\u2019une rang\u00e9e d\u2019\u0153illets. <\/p>\n<p>Chaque b\u00e2che est :<\/p>\n<ul>\n<li>Imperm\u00e9able<\/li>\n<li>Mat\u00e9riau de b\u00e2che en vinyle robuste<\/li>\n<li>20 mil d\u2019\u00e9paisseur<\/li>\n<li>18 oz par verge carr\u00e9e<\/li>\n<li>Tr\u00e8s r\u00e9sistant \u00e0 l\u2019abrasion<\/li>\n<li>Ourlets renforc\u00e9s en sangle avec corde<\/li>\n<li>R\u00e9sistant \u00e0 la pourriture<\/li>\n<li>R\u00e9sistant aux UV<\/li>\n<li>R\u00e9sistant \u00e0 l\u2019huile<\/li>\n<li>R\u00e9sistant \u00e0 la moisissure<\/li>\n<li># 4 \u0153illets en laiton environ tous les 24&#8243;<\/li>\n<li>Coutures thermosoud\u00e9es durables<\/li>\n<li>Flexibilit\u00e9 \u00e0 basse temp\u00e9rature<\/li>\n<li>Fissuration \u00e0 froid -40\u00b0C<\/li>\n<li>Anneaux en D en acier inoxydable 2&#8243; avec rabat d\u2019usure<\/li>\n<\/ul>\n<p>Poids de la b\u00e2che de 24&#8242; x 18&#8242; avec rabat &#8211; 72 lb (x2)<br \/>\nPoids de la b\u00e2che de 24&#8242; x 21&#8242; &#8211; 69 lb<br \/>\nPoids total de l\u2019ensemble : 213 lb<\/p>\n","protected":false},"excerpt":{"rendered":"<ul>\n<li>Extr\u00e9mit\u00e9s : 24&#8242; de large x 18&#8242; de long<\/li>\n<li>Rabat de 8&#8242; de large x 8&#8242; de long<\/li>\n<li>Milieu : 24&#8242; de large x 21&#8242; de long<\/li>\n<li>18 onces Vinyle <\/li>\n<li>4 rang\u00e9es d\u2019anneaux en D<\/li>\n<\/ul>\n","protected":false},"featured_media":25133,"comment_status":"open","ping_status":"closed","template":"","meta":{"_acf_changed":false,"om_disable_all_campaigns":false,"site-sidebar-layout":"default","site-content-layout":"default","ast-site-content-layout":"default","site-content-style":"default","site-sidebar-style":"default","ast-global-header-display":"","ast-banner-title-visibility":"","ast-main-header-display":"","ast-hfb-above-header-display":"","ast-hfb-below-header-display":"","ast-hfb-mobile-header-display":"","site-post-title":"","ast-breadcrumbs-content":"","ast-featured-img":"","footer-sml-layout":"","theme-transparent-header-meta":"default","adv-header-id-meta":"","stick-header-meta":"default","header-above-stick-meta":"","header-main-stick-meta":"","header-below-stick-meta":"","astra-migrate-meta-layouts":"default","ast-page-background-enabled":"default","ast-page-background-meta":{"desktop":{"background-color":"","background-image":"","background-repeat":"repeat","background-position":"center center","background-size":"auto","background-attachment":"scroll","background-type":"","background-media":"","overlay-type":"","overlay-color":"","overlay-opacity":"","overlay-gradient":""},"tablet":{"background-color":"","background-image":"","background-repeat":"repeat","background-position":"center center","background-size":"auto","background-attachment":"scroll","background-type":"","background-media":"","overlay-type":"","overlay-color":"","overlay-opacity":"","overlay-gradient":""},"mobile":{"background-color":"","background-image":"","background-repeat":"repeat","background-position":"center center","background-size":"auto","background-attachment":"scroll","background-type":"","background-media":"","overlay-type":"","overlay-color":"","overlay-opacity":"","overlay-gradient":""}},"ast-content-background-meta":{"desktop":{"background-color":"var(--ast-global-color-5)","background-image":"","background-repeat":"repeat","background-position":"center center","background-size":"auto","background-attachment":"scroll","background-type":"","background-media":"","overlay-type":"","overlay-color":"","overlay-opacity":"","overlay-gradient":""},"tablet":{"background-color":"var(--ast-global-color-5)","background-image":"","background-repeat":"repeat","background-position":"center center","background-size":"auto","background-attachment":"scroll","background-type":"","background-media":"","overlay-type":"","overlay-color":"","overlay-opacity":"","overlay-gradient":""},"mobile":{"background-color":"var(--ast-global-color-5)","background-image":"","background-repeat":"repeat","background-position":"center center","background-size":"auto","background-attachment":"scroll","background-type":"","background-media":"","overlay-type":"","overlay-color":"","overlay-opacity":"","overlay-gradient":""}}},"product_brand":[],"product_cat":[608,605],"product_tag":[692,693,670,671],"class_list":{"0":"post-25852","1":"product","2":"type-product","3":"status-publish","4":"has-post-thumbnail","6":"product_cat-baches-de-bois-doeuvre","7":"product_cat-tarps-fr","8":"product_tag-48-fr","9":"product_tag-53-fr","10":"product_tag-bois","11":"product_tag-chute-de-8-pi","12":"desktop-align-center","13":"tablet-align-center","14":"mobile-align-center","15":"ast-product-gallery-layout-horizontal","16":"ast-product-tabs-layout-horizontal","18":"first","19":"instock","20":"sale","21":"taxable","22":"shipping-taxable","23":"purchasable","24":"product-type-simple"},"acf":[],"gallery_images":[18991,18985,18371,18372,18993,18992,18986],"_links":{"self":[{"href":"https:\/\/menu-staging2.verduyntarps.ca\/fr\/wp-json\/wp\/v2\/product\/25852","targetHints":{"allow":["GET"]}}],"collection":[{"href":"https:\/\/menu-staging2.verduyntarps.ca\/fr\/wp-json\/wp\/v2\/product"}],"about":[{"href":"https:\/\/menu-staging2.verduyntarps.ca\/fr\/wp-json\/wp\/v2\/types\/product"}],"replies":[{"embeddable":true,"href":"https:\/\/menu-staging2.verduyntarps.ca\/fr\/wp-json\/wp\/v2\/comments?post=25852"}],"wp:featuredmedia":[{"embeddable":true,"href":"https:\/\/menu-staging2.verduyntarps.ca\/fr\/wp-json\/wp\/v2\/media\/25133"}],"wp:attachment":[{"href":"https:\/\/menu-staging2.verduyntarps.ca\/fr\/wp-json\/wp\/v2\/media?parent=25852"}],"wp:term":[{"taxonomy":"product_brand","embeddable":true,"href":"https:\/\/menu-staging2.verduyntarps.ca\/fr\/wp-json\/wp\/v2\/product_brand?post=25852"},{"taxonomy":"product_cat","embeddable":true,"href":"https:\/\/menu-staging2.verduyntarps.ca\/fr\/wp-json\/wp\/v2\/product_cat?post=25852"},{"taxonomy":"product_tag","embeddable":true,"href":"https:\/\/menu-staging2.verduyntarps.ca\/fr\/wp-json\/wp\/v2\/product_tag?post=25852"}],"curies":[{"name":"wp","href":"https:\/\/api.w.org\/{rel}","templated":true}]}}