{"id":25848,"date":"2023-11-07T11:58:28","date_gmt":"2023-11-07T16:58:28","guid":{"rendered":"https:\/\/menu-staging2.verduyntarps.ca\/product\/24-x-21-8-drops-heavy-duty-lumber-tarp-blue"},"modified":"2025-03-10T03:36:33","modified_gmt":"2025-03-10T07:36:33","slug":"24-x-21-8-drops-heavy-duty-lumber-tarp-blue","status":"publish","type":"product","link":"https:\/\/menu-staging2.verduyntarps.ca\/fr\/shop\/24-x-21-8-drops-heavy-duty-lumber-tarp-blue","title":{"rendered":"24&#8242; x 21&#8242; (8&#8242; Drops) Heavy Duty Lumber Tarp Blue"},"content":{"rendered":"<p>Utilisez des b\u00e2ches de transport pour couvrir votre chargement, en le gardant propre et sec. Ces b\u00e2ches en bois sont fabriqu\u00e9es \u00e0 partir d\u2019un mat\u00e9riau PVC enduit de vinyle robuste qui p\u00e8se 18 oz par m\u00e8tre carr\u00e9, ce qui les rend imperm\u00e9ables, r\u00e9sistants \u00e0 la pourriture, aux UV et \u00e0 l\u2019huile. Le mat\u00e9riau vinyle est class\u00e9 fissuration \u00e0 froid jusqu\u2019\u00e0 -40\u00b0C.  <\/p>\n<p>La b\u00e2che en bois mesure 24 pi de large sur 21 pi de long et est livr\u00e9e avec 4 rang\u00e9es d\u2019anneaux en D \u00e0 2 pi, 4 pi, 6 pi et 8 pi \u00e0 partir de la bordure de la b\u00e2che le long de la longueur de 21 pi. Il a \u00e9galement 2 rang\u00e9es d\u2019anneaux en D sur la largeur de 24 pieds \u00e0 2 pieds et 4 pieds de la bordure de la b\u00e2che. Ces b\u00e2ches peuvent \u00eatre utilis\u00e9es seules ou comme partie centrale d\u2019un <a href=\"https:\/\/www.verduyntarps.com\/shop\/heavy-duty-3-piece-lumber-tarp-set-8-drops\" target=\"_blank\" rel=\"noopener\">ensemble de b\u00e2ches en bois de trois pi\u00e8ces<\/a>.  <\/p>\n<p>Les bordures renforc\u00e9es par des sangles et des cordes ont des \u0153illets en laiton #4 espac\u00e9s d\u2019environ 24 po. Les anneaux en D en acier inoxydable sont \u00e9galement plac\u00e9s \u00e0 environ 24 po de distance pour fournir de suffisamment d\u2019emplacements pour attacher la b\u00e2che, ce qui permet la meilleure couverture pour votre charge. De plus, chaque anneau en D cousu en bo\u00eete est dot\u00e9 d\u2019un patch d\u2019usure en vinyle sous lui pour \u00e9viter les \u00e9raflures et les d\u00e9chirures des points de connexion des sangles en caoutchouc. <\/p>\n<ul>\n<li>Taille&nbsp;: 24&#8217;x21&#8242;<\/li>\n<li>Couleur&nbsp;: Noir<\/li>\n<li>P\u00e8se 69 lb<\/li>\n<\/ul>\n<p><iframe loading=\"lazy\" src=\"https:\/\/www.youtube.com\/embed\/Je51lUTWgms\" width=\"560\" height=\"315\" frameborder=\"0\" allowfullscreen=\"allowfullscreen\"><\/iframe><\/p>\n","protected":false},"excerpt":{"rendered":"<ul>\n<li>24&#8242; de large x 21&#8242; de long<\/li>\n<li>18 onces Vinyle <\/li>\n<li>4 rang\u00e9es d\u2019anneaux en D<\/li>\n<\/ul>\n","protected":false},"featured_media":25128,"comment_status":"open","ping_status":"closed","template":"","meta":{"_acf_changed":false,"om_disable_all_campaigns":false,"site-sidebar-layout":"default","site-content-layout":"default","ast-site-content-layout":"default","site-content-style":"default","site-sidebar-style":"default","ast-global-header-display":"","ast-banner-title-visibility":"","ast-main-header-display":"","ast-hfb-above-header-display":"","ast-hfb-below-header-display":"","ast-hfb-mobile-header-display":"","site-post-title":"","ast-breadcrumbs-content":"","ast-featured-img":"","footer-sml-layout":"","theme-transparent-header-meta":"default","adv-header-id-meta":"","stick-header-meta":"","header-above-stick-meta":"","header-main-stick-meta":"","header-below-stick-meta":"","astra-migrate-meta-layouts":"default","ast-page-background-enabled":"default","ast-page-background-meta":{"desktop":{"background-color":"","background-image":"","background-repeat":"repeat","background-position":"center center","background-size":"auto","background-attachment":"scroll","background-type":"","background-media":"","overlay-type":"","overlay-color":"","overlay-opacity":"","overlay-gradient":""},"tablet":{"background-color":"","background-image":"","background-repeat":"repeat","background-position":"center center","background-size":"auto","background-attachment":"scroll","background-type":"","background-media":"","overlay-type":"","overlay-color":"","overlay-opacity":"","overlay-gradient":""},"mobile":{"background-color":"","background-image":"","background-repeat":"repeat","background-position":"center center","background-size":"auto","background-attachment":"scroll","background-type":"","background-media":"","overlay-type":"","overlay-color":"","overlay-opacity":"","overlay-gradient":""}},"ast-content-background-meta":{"desktop":{"background-color":"var(--ast-global-color-5)","background-image":"","background-repeat":"repeat","background-position":"center center","background-size":"auto","background-attachment":"scroll","background-type":"","background-media":"","overlay-type":"","overlay-color":"","overlay-opacity":"","overlay-gradient":""},"tablet":{"background-color":"var(--ast-global-color-5)","background-image":"","background-repeat":"repeat","background-position":"center center","background-size":"auto","background-attachment":"scroll","background-type":"","background-media":"","overlay-type":"","overlay-color":"","overlay-opacity":"","overlay-gradient":""},"mobile":{"background-color":"var(--ast-global-color-5)","background-image":"","background-repeat":"repeat","background-position":"center center","background-size":"auto","background-attachment":"scroll","background-type":"","background-media":"","overlay-type":"","overlay-color":"","overlay-opacity":"","overlay-gradient":""}}},"product_brand":[],"product_cat":[608,605],"product_tag":[],"class_list":{"0":"post-25848","1":"product","2":"type-product","3":"status-publish","4":"has-post-thumbnail","6":"product_cat-baches-de-bois-doeuvre","7":"product_cat-tarps-fr","8":"desktop-align-center","9":"tablet-align-center","10":"mobile-align-center","11":"ast-product-gallery-layout-horizontal","12":"ast-product-tabs-layout-horizontal","14":"first","15":"instock","16":"taxable","17":"shipping-taxable","18":"purchasable","19":"product-type-simple"},"acf":[],"gallery_images":[18991,18992,18840,18993],"_links":{"self":[{"href":"https:\/\/menu-staging2.verduyntarps.ca\/fr\/wp-json\/wp\/v2\/product\/25848","targetHints":{"allow":["GET"]}}],"collection":[{"href":"https:\/\/menu-staging2.verduyntarps.ca\/fr\/wp-json\/wp\/v2\/product"}],"about":[{"href":"https:\/\/menu-staging2.verduyntarps.ca\/fr\/wp-json\/wp\/v2\/types\/product"}],"replies":[{"embeddable":true,"href":"https:\/\/menu-staging2.verduyntarps.ca\/fr\/wp-json\/wp\/v2\/comments?post=25848"}],"wp:featuredmedia":[{"embeddable":true,"href":"https:\/\/menu-staging2.verduyntarps.ca\/fr\/wp-json\/wp\/v2\/media\/25128"}],"wp:attachment":[{"href":"https:\/\/menu-staging2.verduyntarps.ca\/fr\/wp-json\/wp\/v2\/media?parent=25848"}],"wp:term":[{"taxonomy":"product_brand","embeddable":true,"href":"https:\/\/menu-staging2.verduyntarps.ca\/fr\/wp-json\/wp\/v2\/product_brand?post=25848"},{"taxonomy":"product_cat","embeddable":true,"href":"https:\/\/menu-staging2.verduyntarps.ca\/fr\/wp-json\/wp\/v2\/product_cat?post=25848"},{"taxonomy":"product_tag","embeddable":true,"href":"https:\/\/menu-staging2.verduyntarps.ca\/fr\/wp-json\/wp\/v2\/product_tag?post=25848"}],"curies":[{"name":"wp","href":"https:\/\/api.w.org\/{rel}","templated":true}]}}