{"id":25820,"date":"2024-07-09T12:00:47","date_gmt":"2024-07-09T16:00:47","guid":{"rendered":"https:\/\/menu-staging2.verduyntarps.ca\/product\/vti-lumber-carrier-side-mount-with-tray"},"modified":"2025-03-10T03:32:13","modified_gmt":"2025-03-10T07:32:13","slug":"vti-lumber-carrier-side-mount-with-tray","status":"publish","type":"product","link":"https:\/\/menu-staging2.verduyntarps.ca\/fr\/shop\/vti-lumber-carrier-side-mount-with-tray","title":{"rendered":"VTI Support lat\u00e9ral de transport de bois avec plateau"},"content":{"rendered":"<p class=\"x_MsoNormal\">Nous sommes fiers de pr\u00e9senter notre nouveau porte-bois lat\u00e9ral avec plateau inf\u00e9rieur, \u00e0 notre gamme Verduyn Vault. Sa construction en aluminium 3\/16&#8243; robuste, solide et l\u00e9g\u00e8re en fait le choix id\u00e9al pour stocker votre bois, pendant que vous \u00eates en transport. Parfois, les camions \u00e0 plate-forme y stockent des b\u00e2ches d\u2019acier ou de bois dans nos supports de calage, car ils ont un plateau inf\u00e9rieur.  <\/p>\n<p class=\"x_MsoNormal\">Tous les camionneurs ont besoin, autant que possible, d\u2019accessoires de rangement pour semi-remorques et remorques. Le coffre \u00e0 outils d\u2019un camionneur semble \u00eatre toujours plein et il semble qu\u2019il n\u2019ait jamais assez de rangement. \u00catre organis\u00e9 est essentiel, pour le camionneur, car il doit s\u00e9curiser efficacement la cargaison. Rien n\u2019est pire que de devoir trier ou trouver tout votre \u00e9quipement de chargement, qui est n\u00e9cessaire pour arrimer le produit de votre client.   <\/p>\n<p class=\"x_MsoNormal\">  Notre support de calage est id\u00e9al pour les remorques \u00e0 plateau, \u00e0 pont et \u00e0 col de cygne. Ils permettent un acc\u00e8s, un stockage et une manipulation faciles de votre fardage. Il peut \u00eatre mont\u00e9 du c\u00f4t\u00e9 conducteur ou du c\u00f4t\u00e9 passager partout o\u00f9 vous avez de la place.  <\/p>\n<p class=\"x_MsoNormal\">Notre support de calage est l\u2019accessoire de rangement de remorque parfait. Apr\u00e8s tout, o\u00f9 stockez-vous votre bois biseaut\u00e9 si vous transportez des bobines ou votre bois non biseaut\u00e9 si vous transportez des plaques ? Si vous avez un plateau de marchepied, o\u00f9 stockeriez-vous votre bois non biseaut\u00e9 n\u00e9cessaire \u00e0 vos niveleurs de charge ?  <\/p>\n<p class=\"x_MsoNormal\">Nos supports de calage offrent la combinaison parfaite de durabilit\u00e9 et de facilit\u00e9 d\u2019utilisation. Con\u00e7u pour garder votre plate-forme \/ marchepied organis\u00e9. Votre bois biseaut\u00e9 ou non biseaut\u00e9 sera toujours \u00e0 port\u00e9e de main et en excellent \u00e9tat.  <\/p>\n<p class=\"x_MsoNormal\">Quels que soient les supports en bois dont vous avez besoin, nous avons ce qu\u2019il vous faut<\/p>\n","protected":false},"excerpt":{"rendered":"<p>Nos supports de calage et nos porte-bois sont fabriqu\u00e9s en aluminium l\u00e9ger pour assurer une durabilit\u00e9 maximale.<\/p>\n","protected":false},"featured_media":25178,"comment_status":"open","ping_status":"closed","template":"","meta":{"_acf_changed":false,"om_disable_all_campaigns":false,"site-sidebar-layout":"default","site-content-layout":"default","ast-site-content-layout":"default","site-content-style":"default","site-sidebar-style":"default","ast-global-header-display":"","ast-banner-title-visibility":"","ast-main-header-display":"","ast-hfb-above-header-display":"","ast-hfb-below-header-display":"","ast-hfb-mobile-header-display":"","site-post-title":"","ast-breadcrumbs-content":"","ast-featured-img":"","footer-sml-layout":"","theme-transparent-header-meta":"default","adv-header-id-meta":"","stick-header-meta":"default","header-above-stick-meta":"","header-main-stick-meta":"","header-below-stick-meta":"","astra-migrate-meta-layouts":"default","ast-page-background-enabled":"default","ast-page-background-meta":{"desktop":{"background-color":"","background-image":"","background-repeat":"repeat","background-position":"center center","background-size":"auto","background-attachment":"scroll","background-type":"","background-media":"","overlay-type":"","overlay-color":"","overlay-opacity":"","overlay-gradient":""},"tablet":{"background-color":"","background-image":"","background-repeat":"repeat","background-position":"center center","background-size":"auto","background-attachment":"scroll","background-type":"","background-media":"","overlay-type":"","overlay-color":"","overlay-opacity":"","overlay-gradient":""},"mobile":{"background-color":"","background-image":"","background-repeat":"repeat","background-position":"center center","background-size":"auto","background-attachment":"scroll","background-type":"","background-media":"","overlay-type":"","overlay-color":"","overlay-opacity":"","overlay-gradient":""}},"ast-content-background-meta":{"desktop":{"background-color":"var(--ast-global-color-5)","background-image":"","background-repeat":"repeat","background-position":"center center","background-size":"auto","background-attachment":"scroll","background-type":"","background-media":"","overlay-type":"","overlay-color":"","overlay-opacity":"","overlay-gradient":""},"tablet":{"background-color":"var(--ast-global-color-5)","background-image":"","background-repeat":"repeat","background-position":"center center","background-size":"auto","background-attachment":"scroll","background-type":"","background-media":"","overlay-type":"","overlay-color":"","overlay-opacity":"","overlay-gradient":""},"mobile":{"background-color":"var(--ast-global-color-5)","background-image":"","background-repeat":"repeat","background-position":"center center","background-size":"auto","background-attachment":"scroll","background-type":"","background-media":"","overlay-type":"","overlay-color":"","overlay-opacity":"","overlay-gradient":""}}},"product_brand":[],"product_cat":[633,639],"product_tag":[],"class_list":{"0":"post-25820","1":"product","2":"type-product","3":"status-publish","4":"has-post-thumbnail","6":"product_cat-accessoires-pour-camions-remorques","7":"product_cat-transporteurs-de-bois-doeuvre","8":"desktop-align-center","9":"tablet-align-center","10":"mobile-align-center","11":"ast-product-gallery-layout-horizontal","12":"ast-product-tabs-layout-horizontal","14":"first","15":"outofstock","16":"taxable","17":"shipping-taxable","18":"purchasable","19":"product-type-simple"},"acf":[],"gallery_images":[25179],"_links":{"self":[{"href":"https:\/\/menu-staging2.verduyntarps.ca\/fr\/wp-json\/wp\/v2\/product\/25820","targetHints":{"allow":["GET"]}}],"collection":[{"href":"https:\/\/menu-staging2.verduyntarps.ca\/fr\/wp-json\/wp\/v2\/product"}],"about":[{"href":"https:\/\/menu-staging2.verduyntarps.ca\/fr\/wp-json\/wp\/v2\/types\/product"}],"replies":[{"embeddable":true,"href":"https:\/\/menu-staging2.verduyntarps.ca\/fr\/wp-json\/wp\/v2\/comments?post=25820"}],"wp:featuredmedia":[{"embeddable":true,"href":"https:\/\/menu-staging2.verduyntarps.ca\/fr\/wp-json\/wp\/v2\/media\/25178"}],"wp:attachment":[{"href":"https:\/\/menu-staging2.verduyntarps.ca\/fr\/wp-json\/wp\/v2\/media?parent=25820"}],"wp:term":[{"taxonomy":"product_brand","embeddable":true,"href":"https:\/\/menu-staging2.verduyntarps.ca\/fr\/wp-json\/wp\/v2\/product_brand?post=25820"},{"taxonomy":"product_cat","embeddable":true,"href":"https:\/\/menu-staging2.verduyntarps.ca\/fr\/wp-json\/wp\/v2\/product_cat?post=25820"},{"taxonomy":"product_tag","embeddable":true,"href":"https:\/\/menu-staging2.verduyntarps.ca\/fr\/wp-json\/wp\/v2\/product_tag?post=25820"}],"curies":[{"name":"wp","href":"https:\/\/api.w.org\/{rel}","templated":true}]}}