{"id":25815,"date":"2024-06-18T13:05:36","date_gmt":"2024-06-18T17:05:36","guid":{"rendered":"https:\/\/menu-staging2.verduyntarps.ca\/product\/pocket-winch-outward-facing-red"},"modified":"2025-03-10T03:33:37","modified_gmt":"2025-03-10T07:33:37","slug":"pocket-winch-outward-facing-red","status":"publish","type":"product","link":"https:\/\/menu-staging2.verduyntarps.ca\/fr\/shop\/pocket-winch-outward-facing-red","title":{"rendered":"Treuil de poche orient\u00e9 vers l\u2019ext\u00e9rieur &#8211; ROUGE"},"content":{"rendered":"<p class=\"x_MsoNormal\"><b>Le treuil portable ultime pour s\u00e9curiser les charges et les marchandises<\/b><\/p>\n<p class=\"x_MsoNormal\">Pr\u00e9sentation du <b>treuil de poche<\/b>, le meilleur treuil portable con\u00e7u pour s\u00e9curiser les charges sans effort. Id\u00e9al pour les conducteurs de camions \u00e0 plateau. Ce treuil compact allie robustesse et commodit\u00e9, ce qui en fait un outil essentiel pour tous les platistes.  <\/p>\n<p class=\"x_MsoNormal\"><b>Principales caract\u00e9ristiques du treuil de poche :<\/b><\/p>\n<ul type=\"disc\">\n<li class=\"x_MsoNormal\"><b>Conception compacte et l\u00e9g\u00e8re<\/b>&nbsp;: notre treuil de poche est facile \u00e0 transporter, \u00e0 ranger dans votre bo\u00eete de rangement \/ bo\u00eete de marche. Il peut \u00eatre utilis\u00e9 partout o\u00f9 vous en avez besoin, tant que vous avez une poche dans votre rail de frottement. <\/li>\n<li class=\"x_MsoNormal\"><b>Capacit\u00e9 de s\u00e9curit\u00e9 de charge \u00e9lev\u00e9e<\/b>&nbsp;: Ce treuil portable peut g\u00e9rer des charges lourdes avec facilit\u00e9, assurant des performances efficaces et efficaces \u00e0 chaque fois. Ce treuil a une limite de charge de travail de 5400 livres, ce qui le rend compatible avec la plupart des sangles de 4&nbsp;\u00bb et 3&nbsp;\u00bb. <\/li>\n<li class=\"x_MsoNormal\"><b>Construction durable<\/b> : Construit \u00e0 partir de mat\u00e9riaux de haute qualit\u00e9, le treuil de poche est con\u00e7u pour r\u00e9sister \u00e0 des conditions difficiles et fournir un service fiable et durable.<\/li>\n<\/ul>\n<p class=\"x_MsoNormal\"><b>Pourquoi choisir le treuil de poche ?<\/b><\/p>\n<p class=\"x_MsoNormal\">Le treuil de poche se distingue comme le meilleur treuil portable en raison de sa combinaison unique de portabilit\u00e9, de r\u00e9sistance et de facilit\u00e9 d\u2019utilisation. Con\u00e7u pour \u00eatre un outil indispensable pour tous les conducteurs de camions \u00e0 plateau, il fournit le soutien dont vous avez besoin, dans les situations difficiles o\u00f9 vous n\u2019avez pas de point d\u2019arrimage. \u201c<\/p>\n<p class=\"x_MsoNormal\">5500 CMU<\/p>\n","protected":false},"excerpt":{"rendered":"<p>Installez ce rail de treuil sur vos remorques pour des attaches en douceur \u00e0 chaque fois.<\/p>\n","protected":false},"featured_media":25162,"comment_status":"open","ping_status":"closed","template":"","meta":{"_acf_changed":false,"om_disable_all_campaigns":false,"site-sidebar-layout":"default","site-content-layout":"default","ast-site-content-layout":"default","site-content-style":"default","site-sidebar-style":"default","ast-global-header-display":"","ast-banner-title-visibility":"","ast-main-header-display":"","ast-hfb-above-header-display":"","ast-hfb-below-header-display":"","ast-hfb-mobile-header-display":"","site-post-title":"","ast-breadcrumbs-content":"","ast-featured-img":"","footer-sml-layout":"","theme-transparent-header-meta":"default","adv-header-id-meta":"","stick-header-meta":"default","header-above-stick-meta":"","header-main-stick-meta":"","header-below-stick-meta":"","astra-migrate-meta-layouts":"default","ast-page-background-enabled":"default","ast-page-background-meta":{"desktop":{"background-color":"","background-image":"","background-repeat":"repeat","background-position":"center center","background-size":"auto","background-attachment":"scroll","background-type":"","background-media":"","overlay-type":"","overlay-color":"","overlay-opacity":"","overlay-gradient":""},"tablet":{"background-color":"","background-image":"","background-repeat":"repeat","background-position":"center center","background-size":"auto","background-attachment":"scroll","background-type":"","background-media":"","overlay-type":"","overlay-color":"","overlay-opacity":"","overlay-gradient":""},"mobile":{"background-color":"","background-image":"","background-repeat":"repeat","background-position":"center center","background-size":"auto","background-attachment":"scroll","background-type":"","background-media":"","overlay-type":"","overlay-color":"","overlay-opacity":"","overlay-gradient":""}},"ast-content-background-meta":{"desktop":{"background-color":"var(--ast-global-color-5)","background-image":"","background-repeat":"repeat","background-position":"center center","background-size":"auto","background-attachment":"scroll","background-type":"","background-media":"","overlay-type":"","overlay-color":"","overlay-opacity":"","overlay-gradient":""},"tablet":{"background-color":"var(--ast-global-color-5)","background-image":"","background-repeat":"repeat","background-position":"center center","background-size":"auto","background-attachment":"scroll","background-type":"","background-media":"","overlay-type":"","overlay-color":"","overlay-opacity":"","overlay-gradient":""},"mobile":{"background-color":"var(--ast-global-color-5)","background-image":"","background-repeat":"repeat","background-position":"center center","background-size":"auto","background-attachment":"scroll","background-type":"","background-media":"","overlay-type":"","overlay-color":"","overlay-opacity":"","overlay-gradient":""}}},"product_brand":[],"product_cat":[591,629,601],"product_tag":[],"class_list":{"0":"post-25815","1":"product","2":"type-product","3":"status-publish","4":"has-post-thumbnail","6":"product_cat-equipement-de-chargement","7":"product_cat-treuils","8":"product_cat-treuils-accessoires","9":"desktop-align-center","10":"tablet-align-center","11":"mobile-align-center","12":"ast-product-gallery-layout-horizontal","13":"ast-product-tabs-layout-horizontal","15":"first","16":"outofstock","17":"taxable","18":"shipping-taxable","19":"purchasable","20":"product-type-simple"},"acf":[],"gallery_images":[19547,19546],"_links":{"self":[{"href":"https:\/\/menu-staging2.verduyntarps.ca\/fr\/wp-json\/wp\/v2\/product\/25815","targetHints":{"allow":["GET"]}}],"collection":[{"href":"https:\/\/menu-staging2.verduyntarps.ca\/fr\/wp-json\/wp\/v2\/product"}],"about":[{"href":"https:\/\/menu-staging2.verduyntarps.ca\/fr\/wp-json\/wp\/v2\/types\/product"}],"replies":[{"embeddable":true,"href":"https:\/\/menu-staging2.verduyntarps.ca\/fr\/wp-json\/wp\/v2\/comments?post=25815"}],"wp:featuredmedia":[{"embeddable":true,"href":"https:\/\/menu-staging2.verduyntarps.ca\/fr\/wp-json\/wp\/v2\/media\/25162"}],"wp:attachment":[{"href":"https:\/\/menu-staging2.verduyntarps.ca\/fr\/wp-json\/wp\/v2\/media?parent=25815"}],"wp:term":[{"taxonomy":"product_brand","embeddable":true,"href":"https:\/\/menu-staging2.verduyntarps.ca\/fr\/wp-json\/wp\/v2\/product_brand?post=25815"},{"taxonomy":"product_cat","embeddable":true,"href":"https:\/\/menu-staging2.verduyntarps.ca\/fr\/wp-json\/wp\/v2\/product_cat?post=25815"},{"taxonomy":"product_tag","embeddable":true,"href":"https:\/\/menu-staging2.verduyntarps.ca\/fr\/wp-json\/wp\/v2\/product_tag?post=25815"}],"curies":[{"name":"wp","href":"https:\/\/api.w.org\/{rel}","templated":true}]}}