{"id":25808,"date":"2024-09-10T11:26:33","date_gmt":"2024-09-10T15:26:33","guid":{"rendered":"https:\/\/menu-staging2.verduyntarps.ca\/product\/hd-square-aluminum-decking-shoring-beam-with-e-track-fitting-skid"},"modified":"2025-03-07T05:46:08","modified_gmt":"2025-03-07T10:46:08","slug":"poutre-d-etaiement-carree-de-platelage-en-aluminium-hd-avec-raccord-e-rail","status":"publish","type":"product","link":"https:\/\/menu-staging2.verduyntarps.ca\/fr\/shop\/poutre-d-etaiement-carree-de-platelage-en-aluminium-hd-avec-raccord-e-rail","title":{"rendered":"Poutre de terrassement \/ \u00e9taiement carr\u00e9e en aluminium HD avec patin de montage E-Track"},"content":{"rendered":"<div>Assurez une stabilit\u00e9 maximale de la cargaison et explorez les possibilit\u00e9s de platelage polyvalentes avec notre platelage carr\u00e9 en aluminium robuste (HD).<\/div>\n<div><\/div>\n<div>Cette poutre est con\u00e7ue pour s\u2019adapter \u00e0 un pont standard de 91,9 \u00ab&nbsp;\u00e0 102,3&nbsp;\u00bb de longueur et est \u00e9quip\u00e9e pour les raccords de rail E ou A.<\/div>\n<div><\/div>\n<div>Nos poutres carr\u00e9es offrent une solution pour un contr\u00f4le efficace de la cargaison et des configurations de pont tout en vous permettant d\u2019augmenter votre capacit\u00e9 de charge.<\/div>\n<div><\/div>\n<div>Les poutres de terrasse carr\u00e9es des b\u00e2ches Verduyn ont une capacit\u00e9 de charge maximale de travail (W.L.L.) de 3 000 lb. Veuillez noter qu\u2019il est recommand\u00e9 d\u2019utiliser du contreplaqu\u00e9 ou un rev\u00eatement de sol en plastique avant de charger la cargaison. <\/div>\n<p>&nbsp;<\/p>\n<p>140 poutres de platelage par patin.<\/p>\n","protected":false},"excerpt":{"rendered":"<p>Assurez une stabilit\u00e9 maximale de la cargaison et explorez les possibilit\u00e9s de platelage polyvalentes avec notre platelage carr\u00e9 en aluminium robuste (HD). Cette poutre est con\u00e7ue pour s\u2019adapter \u00e0 un pont standard de 91,9 \u00ab&nbsp;\u00e0 102,3&nbsp;\u00bb de longueur et est \u00e9quip\u00e9e pour les raccords de rail E ou A. Nos poutres carr\u00e9es offrent une solution [&hellip;]<\/p>\n","protected":false},"featured_media":25226,"comment_status":"closed","ping_status":"closed","template":"","meta":{"_acf_changed":false,"om_disable_all_campaigns":false,"site-sidebar-layout":"default","site-content-layout":"","ast-site-content-layout":"default","site-content-style":"default","site-sidebar-style":"default","ast-global-header-display":"","ast-banner-title-visibility":"","ast-main-header-display":"","ast-hfb-above-header-display":"","ast-hfb-below-header-display":"","ast-hfb-mobile-header-display":"","site-post-title":"","ast-breadcrumbs-content":"","ast-featured-img":"","footer-sml-layout":"","theme-transparent-header-meta":"default","adv-header-id-meta":"","stick-header-meta":"default","header-above-stick-meta":"","header-main-stick-meta":"","header-below-stick-meta":"","astra-migrate-meta-layouts":"default","ast-page-background-enabled":"default","ast-page-background-meta":{"desktop":{"background-color":"","background-image":"","background-repeat":"repeat","background-position":"center center","background-size":"auto","background-attachment":"scroll","background-type":"","background-media":"","overlay-type":"","overlay-color":"","overlay-opacity":"","overlay-gradient":""},"tablet":{"background-color":"","background-image":"","background-repeat":"repeat","background-position":"center center","background-size":"auto","background-attachment":"scroll","background-type":"","background-media":"","overlay-type":"","overlay-color":"","overlay-opacity":"","overlay-gradient":""},"mobile":{"background-color":"","background-image":"","background-repeat":"repeat","background-position":"center center","background-size":"auto","background-attachment":"scroll","background-type":"","background-media":"","overlay-type":"","overlay-color":"","overlay-opacity":"","overlay-gradient":""}},"ast-content-background-meta":{"desktop":{"background-color":"var(--ast-global-color-5)","background-image":"","background-repeat":"repeat","background-position":"center center","background-size":"auto","background-attachment":"scroll","background-type":"","background-media":"","overlay-type":"","overlay-color":"","overlay-opacity":"","overlay-gradient":""},"tablet":{"background-color":"var(--ast-global-color-5)","background-image":"","background-repeat":"repeat","background-position":"center center","background-size":"auto","background-attachment":"scroll","background-type":"","background-media":"","overlay-type":"","overlay-color":"","overlay-opacity":"","overlay-gradient":""},"mobile":{"background-color":"var(--ast-global-color-5)","background-image":"","background-repeat":"repeat","background-position":"center center","background-size":"auto","background-attachment":"scroll","background-type":"","background-media":"","overlay-type":"","overlay-color":"","overlay-opacity":"","overlay-gradient":""}}},"product_brand":[],"product_cat":[590],"product_tag":[],"class_list":{"0":"post-25808","1":"product","2":"type-product","3":"status-publish","4":"has-post-thumbnail","6":"product_cat-fourgon-dry","7":"desktop-align-center","8":"tablet-align-center","9":"mobile-align-center","10":"ast-product-gallery-layout-horizontal","11":"ast-product-gallery-with-no-image","12":"ast-product-tabs-layout-horizontal","14":"first","15":"instock","16":"sale","17":"taxable","18":"shipping-taxable","19":"purchasable","20":"product-type-simple"},"acf":[],"gallery_images":[],"_links":{"self":[{"href":"https:\/\/menu-staging2.verduyntarps.ca\/fr\/wp-json\/wp\/v2\/product\/25808","targetHints":{"allow":["GET"]}}],"collection":[{"href":"https:\/\/menu-staging2.verduyntarps.ca\/fr\/wp-json\/wp\/v2\/product"}],"about":[{"href":"https:\/\/menu-staging2.verduyntarps.ca\/fr\/wp-json\/wp\/v2\/types\/product"}],"replies":[{"embeddable":true,"href":"https:\/\/menu-staging2.verduyntarps.ca\/fr\/wp-json\/wp\/v2\/comments?post=25808"}],"wp:featuredmedia":[{"embeddable":true,"href":"https:\/\/menu-staging2.verduyntarps.ca\/fr\/wp-json\/wp\/v2\/media\/25226"}],"wp:attachment":[{"href":"https:\/\/menu-staging2.verduyntarps.ca\/fr\/wp-json\/wp\/v2\/media?parent=25808"}],"wp:term":[{"taxonomy":"product_brand","embeddable":true,"href":"https:\/\/menu-staging2.verduyntarps.ca\/fr\/wp-json\/wp\/v2\/product_brand?post=25808"},{"taxonomy":"product_cat","embeddable":true,"href":"https:\/\/menu-staging2.verduyntarps.ca\/fr\/wp-json\/wp\/v2\/product_cat?post=25808"},{"taxonomy":"product_tag","embeddable":true,"href":"https:\/\/menu-staging2.verduyntarps.ca\/fr\/wp-json\/wp\/v2\/product_tag?post=25808"}],"curies":[{"name":"wp","href":"https:\/\/api.w.org\/{rel}","templated":true}]}}